{"id":307,"date":"2010-12-28T08:47:00","date_gmt":"2010-12-28T11:47:00","guid":{"rendered":"http:\/\/lisandrogaertner.net\/?page_id=307"},"modified":"2025-07-09T09:11:24","modified_gmt":"2025-07-09T12:11:24","slug":"textos","status":"publish","type":"page","link":"https:\/\/lisandrogaertner.net\/blog\/textos\/","title":{"rendered":"Portf\u00f3lio"},"content":{"rendered":"<h2 style=\"color: red;\"><strong><strong>Literatura<\/strong><\/h2>\r\n<p><!-- \/wp:post-content -->\r\n\r\n<!-- wp:html --><\/p>\r\n<p style=\"text-align: left;\"><strong><a href=\"https:\/\/www.lojapedregulho.com.br\/a-decada-perdida\">D\u00e9cada Perdida<\/a> &#8211; <\/strong>Colet\u00e2nea de Contos e Noveletas escritas no e sobre o tumultuado per\u00edodo de 2013 e 2022. <em>Reda\u00e7\u00e3o e Edi\u00e7\u00e3o<\/em><\/p>\r\n<p style=\"text-align: left;\"><a href=\"https:\/\/amzn.to\/3vLgXXG\"><strong>Meia D\u00fazia de Natais<\/strong><\/a>&#8211; Colet\u00e2nea de contos natalinos escritos pelo coletivo Camiinhantes em um projeto de edi\u00e7\u00e3o cruzada realizado de outubro a dezembro de 2021. Seis Contos escritos por B\u00e1rbara Grande, Cor\u00e9lio M.S., Daniela Campelo, Gabriela Serpa, Karen Couto e Lisandro Gaertner. Indo do rotineiro ao fant\u00e1stico, do dram\u00e1tico ao c\u00f4mico, mostrando toda a diversidade que essa data t\u00e3o comum consegue ter. <em>Capa, Coordena\u00e7\u00e3o Editorial, Reda\u00e7\u00e3o e Projeto Gr\u00e1fico. <\/em><\/p>\r\n<h2 style=\"text-align: left;\"><img decoding=\"async\" class=\"alignleft\" style=\"border: none !important; margin: 0px !important;\" src=\"https:\/\/ir-br.amazon-adsystem.com\/e\/ir?t=lisangaert-20&amp;language=pt_BR&amp;l=li3&amp;o=33&amp;a=B094P3Z5WP\" alt=\"\" width=\"1\" height=\"1\" border=\"0\" \/><img decoding=\"async\" class=\"alignleft\" style=\"border: none !important; margin: 0px !important;\" src=\"https:\/\/ir-br.amazon-adsystem.com\/e\/ir?t=lisangaert-20&amp;language=pt_BR&amp;l=li2&amp;o=33&amp;a=B094P3Z5WP\" alt=\"\" width=\"1\" height=\"1\" border=\"0\" \/><img decoding=\"async\" class=\"alignleft\" style=\"border: none !important; margin: 0px !important;\" src=\"https:\/\/ir-br.amazon-adsystem.com\/e\/ir?t=lisangaert-20&amp;language=pt_BR&amp;l=li3&amp;o=33&amp;a=B08L5L7CH7\" alt=\"\" width=\"1\" height=\"1\" border=\"0\" \/><\/h2>\r\n<p style=\"text-align: left;\"><a href=\"https:\/\/amzn.to\/3HqoAFl\"><strong>Uns Haiku<\/strong><\/a>&#8211; Projeto Gr\u00e1fico e Liter\u00e1rio de poesia japonesa atendendo ao desafio do #the100dayproject. Publicado de 31 de janeiro a 10 de maio de 2021, na forma haiku di\u00e1rios no Instagram. <em>Capa, Edi\u00e7\u00e3o, Reda\u00e7\u00e3o e Projeto Gr\u00e1fico. \u00a0<\/em><em><a href=\"https:\/\/photos.google.com\/share\/AF1QipPRNkSipNL_iUSezCmiBAALzA5IOx4TDRvzuL0qzlduVr0AA72BNrqEtzQjr21-zg?key=cXRacGJPOXlLdnB0MDdPUFRZOWowSFEwT0ZFSkZB\">Poemas individuais dispon\u00edveis nesse \u00e1lbum<\/a>.<\/em><\/p>\r\n<p style=\"text-align: left;\"><strong><a href=\"https:\/\/www.amazon.com.br\/Fome-Bola-Lisandro-Gaertner-ebook\/dp\/B079MBJCK6\">Fome de Bola<\/a> &#8211; <\/strong>Hist\u00f3ria em Quadrinhos Digital em Preto e Branco em homenagem ao futebol de V\u00e1rzea e aos quadrinhos de terror cl\u00e1ssicos da revista Kripta, em parceria com o desenhista Rafael Lima. <em>Capa e Roteiro.<\/em><\/p>\r\n<p style=\"text-align: left;\"><a href=\"https:\/\/amzn.to\/48Whx2W\"><strong>Conselho de Administra\u00e7\u00e3o \u00e9 s\u00f3 para as Grandes<\/strong><\/a>&#8211; Livro de Neg\u00f3cios sobre a cria\u00e7\u00e3o e manuten\u00e7\u00e3o de conselhos de administra\u00e7\u00e3o para pequenas e grandes empresas escrito por Fl\u00e1vio Bretanha. <em>Ilustra\u00e7\u00f5es Internas<\/em><\/p>\r\n<p style=\"text-align: left;\"><strong><a href=\"https:\/\/www.amazon.com.br\/gp\/product\/B0CSQTSJ4F\/ref=x_gr_bb_kindle?caller=Goodreads&amp;tag=x_gr_bb_kindle-20\">Contos de uma Autoridade Sanit\u00e1ria<\/a>&#8211; <\/strong>Relato autobiogr\u00e1fico da carreira profissional da Dra. Andrea Barbosa Boanova, que foi fiscal de alimentos do munic\u00edpio de S\u00e3o Paulo por 32 anos, revelando aos bastidores do trabalho sob uma perspectiva humana, dram\u00e1tica e c\u00f4mica. <em>Consultoria Narrativa e Editorial <\/em><a href=\"https:\/\/www.youtube.com\/watch?v=BKRQlF28h2U\">Assista \u00e0 entrevista sobre o desenvolvimento desse projeto.<\/a><\/p>\r\n<p style=\"text-align: left;\"><a href=\"https:\/\/www.amazon.com.br\/Lisandro-Gaertner\/e\/B01J7YSZHY\/ref=dp_byline_cont_ebooks_1\">Confira meus outros livros na Amazon.<\/a><\/p>\r\n<p><!-- \/wp:html -->\r\n\r\n<!-- wp:separator --><\/p>\r\n<hr class=\"wp-block-separator\" \/>\r\n<p><!-- \/wp:separator -->\r\n\r\n<!-- wp:heading {\"style\":{\"typography\":{\"fontStyle\":\"normal\",\"fontWeight\":\"700\"}},\"fontSize\":\"larger\"} --><\/p>\r\n<h2 style=\"color: red;\"><strong>Cinema<\/strong><\/h2>\r\n<div class=\"wp-block-column\">\r\n<p><strong><a href=\"https:\/\/youtu.be\/xCwH8UNc3xk?si=j2pBtPkJbyE98JV4\">Salva\u00e7\u00e3o<\/a><\/strong> (2010) &#8211; Roteiro<\/p>\r\n<p><strong><a href=\"https:\/\/youtu.be\/gHTAV7HCRN0?si=cmsQi6_PM2h858io\">Universo 88<\/a><\/strong> (2016) &#8211; Roteiro e Co-Dire\u00e7\u00e3o<\/p>\r\n<\/div>\r\n<div class=\"wp-block-column\"><a href=\"https:\/\/www.youtube.com\/playlist?list=PLC1xxptPs9OcvN2zqA4gtT30pgxfc3ekZ\">Assista \u00e0s demais produ\u00e7\u00f5es no YouTube<\/a> ou <a href=\"https:\/\/web.archive.org\/web\/20201028102317\/https:\/\/cinemaparasempre.com.br\/index.php\/author\/lisandro-gaertner\/\">leia as minhas cr\u00edticas de cinema no site Cinema Para Sempre.<\/a><!-- \/wp:heading --><\/div>\r\n<p><!-- \/wp:column --><\/p>\r\n<p><!-- \/wp:columns -->\r\n\r\n<!-- wp:separator --><\/p>\r\n<hr class=\"wp-block-separator\" \/>\r\n<p><!-- \/wp:separator -->\r\n\r\n<!-- wp:heading {\"style\":{\"typography\":{\"fontStyle\":\"normal\",\"fontWeight\":\"700\"}},\"fontSize\":\"larger\"} --><\/p>\r\n<p><!-- \/wp:separator -->\r\n\r\n<!-- wp:heading {\"style\":{\"typography\":{\"fontStyle\":\"normal\",\"fontWeight\":\"700\"}},\"fontSize\":\"larger\"} --><\/p>\r\n<h2 style=\"color: red;\"><strong>Jogos<\/strong><\/h2>\r\n<p style=\"color: black;\"><em>Anal\u00f3gicos<\/em><\/p>\r\n<div class=\"wp-block-column\"><!-- \/wp:heading -->\r\n\r\n<!-- wp:list -->\r\n<ul id=\"block-6ddfd948-d760-4672-bcea-7afc039868d7\">\r\n<li><a href=\"http:\/\/lisandrogaertner.net\/blog\/wp-content\/uploads\/2011\/03\/ssh_completo.pdf\" target=\"_blank\" rel=\"noreferrer noopener\">SSH &#8211; Sistema de Simula\u00e7\u00e3o Her\u00f3ica<\/a><\/li>\r\n<li><a href=\"http:\/\/boardgamegeek.com\/boardgame\/39780\/cthulhu-tora-tora-tora\" target=\"_blank\" rel=\"noreferrer noopener\">Cthulhu, Tora, Tora, Tora!<\/a>\u00a0(Publicado pela Secular Games no <a href=\"http:\/\/www.secular-games.com\/2011\/07\/mamute-02\/\" target=\"_blank\" rel=\"noreferrer noopener\">Mamute #2<\/a>)<\/li>\r\n<li><a href=\"http:\/\/lisandrogaertner.net\/blog\/?p=1205\" target=\"_blank\" rel=\"noreferrer noopener\">Love Zapping<\/a><\/li>\r\n<li><a href=\"https:\/\/medium.com\/fvm2015-draft\/o-ang%C3%BA-exterminador-7242c0e56900\" target=\"_blank\" rel=\"noreferrer noopener\">O Ang\u00fa Exterminador<\/a><\/li>\r\n<li><a href=\"https:\/\/docs.google.com\/document\/d\/1H9FWhvPOxQPLIKxvn15ICUyig-t8fAOyczjeo8qUMrU\/edit?usp=sharing\" target=\"_blank\" rel=\"noreferrer noopener\">No Hay Banda<\/a><\/li>\r\n<li><a href=\"https:\/\/lisandrogaertner.itch.io\/como-foi-o-meu-dia\" target=\"_blank\" rel=\"noreferrer noopener\">Como foi o meu dia<\/a><\/li>\r\n<li><a href=\"https:\/\/ea7186e6-5165-4d87-beee-4c002b9afc8e.filesusr.com\/ugd\/be4b93_14cc9ed496df415c8502434751e5daec.pdf\">As Tias Moiras<\/a> <img decoding=\"async\" src=\"http:\/\/lisandrogaertner.net\/blog\/wp-content\/uploads\/2010\/12\/novo-1.gif\" alt=\"novo (1)\" width=\"45\" height=\"14\" \/><\/li>\r\n<\/ul>\r\n<br \/>\r\n<p style=\"color: black;\"><em>Digitais<\/em><\/p>\r\n<\/div>\r\n<div class=\"wp-block-column\"><!-- \/wp:heading -->\r\n\r\n<!-- wp:list -->\r\n<ul>\r\n<li><a href=\"http:\/\/www.goals.com.br\/atitudesv2\/ag1\/introklever.htm\" target=\"_blank\" rel=\"noreferrer noopener\">Atitudes<\/a><\/li>\r\n<li><a href=\"http:\/\/www.goals.com.br\/marketing\/default.aspx\">Atitudes MKT<\/a><\/li>\r\n<li><a href=\"http:\/\/www.aulalegal.com.br\/\" target=\"_blank\" rel=\"noreferrer noopener\">Aula Legal<\/a><\/li>\r\n<\/ul>\r\n<p><a href=\"https:\/\/lisandrogaertner.net\/blog\/cursos\/\">Inscreva-se no meu curso gratuito sobre Gamifica\u00e7\u00e3o.<\/a><\/p>\r\n<p><!-- \/wp:html -->\r\n\r\n<!-- wp:separator --><\/p>\r\n<hr class=\"wp-block-separator\" \/>\r\n<p><!-- \/wp:separator -->\r\n\r\n<!-- wp:heading {\"style\":{\"typography\":{\"fontStyle\":\"normal\",\"fontWeight\":\"700\"}},\"fontSize\":\"larger\"} --><\/p>\r\n<h2 style=\"color: red;\"><strong>Gest\u00e3o do Conhecimento e Aprendizagem<\/strong><\/h2>\r\n<p><a href=\"https:\/\/youtube.com\/playlist?list=PLC1xxptPs9Od8FHwiScuQZnmZ2cZ5SrOn&amp;amp;si=hcdVQybvnoeiiJCs\"><strong>Webinars e Palestras<\/strong><\/a><\/p>\r\n<p><a href=\"https:\/\/www.linkedin.com\/in\/lisandrogaertner\/detail\/recent-activity\/posts\/\">Leia meus artigos sobre Aprendizagem, Criatividade e Colabora\u00e7\u00e3o.<\/a><\/p>\r\n<\/div>","protected":false},"excerpt":{"rendered":"<p>Literatura D\u00e9cada Perdida &#8211; Colet\u00e2nea de Contos e Noveletas escritas no e sobre o tumultuado per\u00edodo de 2013 e 2022. Reda\u00e7\u00e3o e Edi\u00e7\u00e3o Meia D\u00fazia de Natais&#8211; Colet\u00e2nea de contos natalinos escritos pelo coletivo Camiinhantes em um projeto de edi\u00e7\u00e3o cruzada realizado de outubro a dezembro de 2021. Seis Contos escritos por B\u00e1rbara Grande, Cor\u00e9lio [&hellip;]<\/p>\n","protected":false},"author":1,"featured_media":0,"parent":0,"menu_order":2,"comment_status":"closed","ping_status":"closed","template":"","meta":{"footnotes":""},"class_list":["post-307","page","type-page","status-publish","hentry"],"_links":{"self":[{"href":"https:\/\/lisandrogaertner.net\/blog\/wp-json\/wp\/v2\/pages\/307","targetHints":{"allow":["GET"]}}],"collection":[{"href":"https:\/\/lisandrogaertner.net\/blog\/wp-json\/wp\/v2\/pages"}],"about":[{"href":"https:\/\/lisandrogaertner.net\/blog\/wp-json\/wp\/v2\/types\/page"}],"author":[{"embeddable":true,"href":"https:\/\/lisandrogaertner.net\/blog\/wp-json\/wp\/v2\/users\/1"}],"replies":[{"embeddable":true,"href":"https:\/\/lisandrogaertner.net\/blog\/wp-json\/wp\/v2\/comments?post=307"}],"version-history":[{"count":95,"href":"https:\/\/lisandrogaertner.net\/blog\/wp-json\/wp\/v2\/pages\/307\/revisions"}],"predecessor-version":[{"id":10280,"href":"https:\/\/lisandrogaertner.net\/blog\/wp-json\/wp\/v2\/pages\/307\/revisions\/10280"}],"wp:attachment":[{"href":"https:\/\/lisandrogaertner.net\/blog\/wp-json\/wp\/v2\/media?parent=307"}],"curies":[{"name":"wp","href":"https:\/\/api.w.org\/{rel}","templated":true}]}}