{"id":8773,"date":"2024-07-27T07:59:02","date_gmt":"2024-07-27T10:59:02","guid":{"rendered":"https:\/\/lisandrogaertner.net\/blog\/?page_id=8773"},"modified":"2024-08-19T09:19:10","modified_gmt":"2024-08-19T12:19:10","slug":"oei","status":"publish","type":"page","link":"https:\/\/lisandrogaertner.net\/blog\/oei\/","title":{"rendered":"O Editor Invis\u00edvel"},"content":{"rendered":"<p><img decoding=\"async\" class=\"size-full wp-image-8774 aligncenter\" src=\"https:\/\/lisandrogaertner.net\/blog\/wp-content\/uploads\/2024\/07\/O-EDITOR-INVISIVEL.png\" alt=\"\" width=\"1100\" height=\"220\" srcset=\"https:\/\/lisandrogaertner.net\/blog\/wp-content\/uploads\/2024\/07\/O-EDITOR-INVISIVEL.png 1100w, https:\/\/lisandrogaertner.net\/blog\/wp-content\/uploads\/2024\/07\/O-EDITOR-INVISIVEL-300x60.png 300w, https:\/\/lisandrogaertner.net\/blog\/wp-content\/uploads\/2024\/07\/O-EDITOR-INVISIVEL-1024x205.png 1024w, https:\/\/lisandrogaertner.net\/blog\/wp-content\/uploads\/2024\/07\/O-EDITOR-INVISIVEL-768x154.png 768w\" sizes=\"(max-width: 1100px) 100vw, 1100px\" \/><\/p>\n<blockquote><p><a href=\"https:\/\/georgerrmartin.com\/about-george\/speeches\/editors-the-writers-natural-enemy\/\">\u201c(\u2026)[book editors] are the invisible people\u201d &#8211; George R.R. Martin<\/a><\/p><\/blockquote>\n<p>Nessa p\u00e1gina voc\u00ea encontrar\u00e1 todas as publica\u00e7\u00f5es onde relato meu processo de aprendizagem na <a href=\"https:\/\/www.nespe.com.br\/curso\/pos-edicao-e-gestao-editorial\/\">P\u00f3s Gradua\u00e7\u00e3o em Edi\u00e7\u00e3o e Gest\u00e3o Editorial da Nespe<\/a>. Para acompanhar as publica\u00e7\u00f5es, use esse <a href=\"https:\/\/lisandrogaertner.net\/blog\/category\/o-editor-invisivel\/feed\/\">link de RSS<\/a> , no seu reader preferido.<\/p>\n<p><strong>Arquivo<\/strong><\/p>\n<div class=\"pt-cv-wrapper\"><div class=\"pt-cv-view pt-cv-blockgrid iscvblock iscvhybrid list1 layout1\" id=\"pt-cv-view-04fc13cnwu\"><div data-id=\"pt-cv-page-1\" class=\"pt-cv-page\" data-cvc=\"1\"><div class=\" pt-cv-content-item pt-cv-2-col\" ><h4 class=\"pt-cv-title\"><a href=\"https:\/\/lisandrogaertner.net\/blog\/oei45-a-elusiva-dualidade-entre-arte-e-comercio-no-agenciamento-de-autoras-e-aquisicao-de-obras\/\" class=\"_blank\" target=\"_blank\" >[oei#45] A elusiva dualidade entre arte e com\u00e9rcio no agenciamento de autores e aquisi\u00e7\u00e3o de obras<\/a><\/h4><\/div>\n<div class=\" pt-cv-content-item pt-cv-2-col\" ><h4 class=\"pt-cv-title\"><a href=\"https:\/\/lisandrogaertner.net\/blog\/oei44-a-recursividade-cirurgica-da-comunicacao-do-livro-enquanto-mensagem-de-si-mesmo\/\" class=\"_blank\" target=\"_blank\" >[oei#44] A recursividade cir\u00fargica da comunica\u00e7\u00e3o do livro enquanto mensagem de si mesmo<\/a><\/h4><\/div>\n<div class=\" pt-cv-content-item pt-cv-2-col\" ><h4 class=\"pt-cv-title\"><a href=\"https:\/\/lisandrogaertner.net\/blog\/oei43-os-multiplos-caminhos-da-distribuicao-e-comercializacao-do-livro-enquanto-produto-ate-o-publico-enquanto-leitor\/\" class=\"_blank\" target=\"_blank\" >[oei#43] Os m\u00faltiplos caminhos da distribui\u00e7\u00e3o e comercializa\u00e7\u00e3o do livro enquanto produto at\u00e9 o p\u00fablico enquanto leitor<\/a><\/h4><\/div>\n<div class=\" pt-cv-content-item pt-cv-2-col\" ><h4 class=\"pt-cv-title\"><a href=\"https:\/\/lisandrogaertner.net\/blog\/oei42-do-embaraco-injustificado-da-autopublicacao-a-consciente-e-orgulhosa-copublicacao\/\" class=\"_blank\" target=\"_blank\" >[oei#42] Do embara\u00e7o injustificado da autopublica\u00e7\u00e3o \u00e0 consciente e orgulhosa copublica\u00e7\u00e3o<\/a><\/h4><\/div>\n<div class=\" pt-cv-content-item pt-cv-2-col\" ><h4 class=\"pt-cv-title\"><a href=\"https:\/\/lisandrogaertner.net\/blog\/oei41-as-distribuidoras-como-ferramenta-de-gestao-do-conhecimento-no-mercado-editorial\/\" class=\"_blank\" target=\"_blank\" >[oei#41] As distribuidoras como ferramenta de gest\u00e3o do conhecimento no mercado editorial<\/a><\/h4><\/div>\n<div class=\" pt-cv-content-item pt-cv-2-col\" ><h4 class=\"pt-cv-title\"><a href=\"https:\/\/lisandrogaertner.net\/blog\/oei40-o-contrato-como-ferramenta-de-gestao-de-risco-nas-incertas-relacoes-editoriais\/\" class=\"_blank\" target=\"_blank\" >[oei#40] O contrato como ferramenta de gest\u00e3o de risco nas (in)certas rela\u00e7\u00f5es editoriais<\/a><\/h4><\/div>\n<div class=\" pt-cv-content-item pt-cv-2-col\" ><h4 class=\"pt-cv-title\"><a href=\"https:\/\/lisandrogaertner.net\/blog\/oei39-os-ditos-e-nao-ditos-da-responsabilidade-do-livro-enquanto-veiculo-da-liberdade-de-expressao\/\" class=\"_blank\" target=\"_blank\" >[oei#39] Os ditos e n\u00e3o ditos da responsabilidade do livro enquanto ve\u00edculo da liberdade de express\u00e3o<\/a><\/h4><\/div>\n<div class=\" pt-cv-content-item pt-cv-2-col\" ><h4 class=\"pt-cv-title\"><a href=\"https:\/\/lisandrogaertner.net\/blog\/oei38-a-historia-do-livro-enquanto-conceito-e-as-revolucoes-do-campo-editorial\/\" class=\"_blank\" target=\"_blank\" >[oei#38] A hist\u00f3ria do livro, enquanto conceito, e as (r)evolu\u00e7\u00f5es do campo editorial<\/a><\/h4><\/div>\n<div class=\" pt-cv-content-item pt-cv-2-col\" ><h4 class=\"pt-cv-title\"><a href=\"https:\/\/lisandrogaertner.net\/blog\/oei37-o-tenue-equilibrio-entre-o-preco-ao-leitor-e-o-valor-da-cadeia-editorial-do-livro\/\" class=\"_blank\" target=\"_blank\" >[oei#37] O t\u00eanue equil\u00edbrio entre o pre\u00e7o ao leitor e o valor da cadeia editorial do livro<\/a><\/h4><\/div>\n<div class=\" pt-cv-content-item pt-cv-2-col\" ><h4 class=\"pt-cv-title\"><a href=\"https:\/\/lisandrogaertner.net\/blog\/oei36-a-responsabilidade-social-das-editoras-na-sua-participacao-no-programa-nacional-do-livro-e-do-material-didatico\/\" class=\"_blank\" target=\"_blank\" >[oei#36] A responsabilidade social das editoras na sua participa\u00e7\u00e3o no Programa Nacional do Livro e do Material Did\u00e1tico<\/a><\/h4><\/div>\n<div class=\" pt-cv-content-item pt-cv-2-col\" ><h4 class=\"pt-cv-title\"><a href=\"https:\/\/lisandrogaertner.net\/blog\/oei35-a-transcendental-transferencia-de-energia-financeira-e-humana-na-cadeia-de-valor-do-livro\/\" class=\"_blank\" target=\"_blank\" >[oei#35] A transcendental transfer\u00eancia de energia financeira e humana na cadeia de valor do livro<\/a><\/h4><\/div>\n<div class=\" pt-cv-content-item pt-cv-2-col\" ><h4 class=\"pt-cv-title\"><a href=\"https:\/\/lisandrogaertner.net\/blog\/oei34-o-intricado-gerenciamento-de-expectativas-do-nascer-do-livro\/\" class=\"_blank\" target=\"_blank\" >[oei#34] O intricado gerenciamento de expectativas do nascer do livro<\/a><\/h4><\/div>\n<div class=\" pt-cv-content-item pt-cv-2-col\" ><h4 class=\"pt-cv-title\"><a href=\"https:\/\/lisandrogaertner.net\/blog\/oei33-as-incontaveis-interfaces-dos-interminaveis-e-incomecaveis-projetos-literarios\/\" class=\"_blank\" target=\"_blank\" >[oei#33] As incont\u00e1veis interfaces dos intermin\u00e1veis (e income\u00e7\u00e1veis) projetos liter\u00e1rios<\/a><\/h4><\/div>\n<div class=\" pt-cv-content-item pt-cv-2-col\" ><h4 class=\"pt-cv-title\"><a href=\"https:\/\/lisandrogaertner.net\/blog\/oei32-a-taxonomia-dos-menosprezados-padroes-e-aprendizados-do-processo-editorial\/\" class=\"_blank\" target=\"_blank\" >[oei#32] A taxonomia dos menosprezados padr\u00f5es e aprendizados do processo editorial<\/a><\/h4><\/div>\n<div class=\" pt-cv-content-item pt-cv-2-col\" ><h4 class=\"pt-cv-title\"><a href=\"https:\/\/lisandrogaertner.net\/blog\/oei31-a-gestao-de-projetos-editoriais-e-seus-multiplos-produtos-experienciais\/\" class=\"_blank\" target=\"_blank\" >[oei#31] A gest\u00e3o de projetos editoriais e seus m\u00faltiplos produtos experienciais<\/a><\/h4><\/div>\n<div class=\" pt-cv-content-item pt-cv-2-col\" ><h4 class=\"pt-cv-title\"><a href=\"https:\/\/lisandrogaertner.net\/blog\/oei30-as-ilusivas-tendencias-no-processo-de-inovacao-das-identidades-no-mercado-editorial\/\" class=\"_blank\" target=\"_blank\" >[oei#30] As ilusivas tend\u00eancias no processo de inova\u00e7\u00e3o das identidades no mercado editorial<\/a><\/h4><\/div>\n<div class=\" pt-cv-content-item pt-cv-2-col\" ><h4 class=\"pt-cv-title\"><a href=\"https:\/\/lisandrogaertner.net\/blog\/oei29-a-aparentemente-inevitavel-escolha-ontologica-do-uso-da-ia-pelo-mercado-editorial\/\" class=\"_blank\" target=\"_blank\" >[oei#29] A aparentemente inevit\u00e1vel escolha ontol\u00f3gica do uso da IA pelo mercado editorial<\/a><\/h4><\/div>\n<div class=\" pt-cv-content-item pt-cv-2-col\" ><h4 class=\"pt-cv-title\"><a href=\"https:\/\/lisandrogaertner.net\/blog\/oei28-a-delicada-simbiose-entre-o-texto-e-o-que-o-ilustra\/\" class=\"_blank\" target=\"_blank\" >[oei#28] A delicada simbiose entre o texto e o que o ilustra<\/a><\/h4><\/div>\n<div class=\" pt-cv-content-item pt-cv-2-col\" ><h4 class=\"pt-cv-title\"><a href=\"https:\/\/lisandrogaertner.net\/blog\/oei27-o-assustador-risco-do-livro-enquanto-um-ativo-cultural-e-financeiro-das-editoras\/\" class=\"_blank\" target=\"_blank\" >[oei#27] O assustador risco do livro enquanto um ativo cultural e financeiro das editoras<\/a><\/h4><\/div>\n<div class=\" pt-cv-content-item pt-cv-2-col\" ><h4 class=\"pt-cv-title\"><a href=\"https:\/\/lisandrogaertner.net\/blog\/oei26-o-falso-conflito-entre-leitura-e-escuta-nos-inescapaveis-livros-de-som\/\" class=\"_blank\" target=\"_blank\" >[oei#26] O falso conflito entre leitura e escuta nos inescap\u00e1veis livros de som<\/a><\/h4><\/div>\n<div class=\" pt-cv-content-item pt-cv-2-col\" ><h4 class=\"pt-cv-title\"><a href=\"https:\/\/lisandrogaertner.net\/blog\/oei25-a-viagem-no-tempo-do-processo-de-inovacao-editorial\/\" class=\"_blank\" target=\"_blank\" >[oei#25] A viagem no tempo do processo de inova\u00e7\u00e3o editorial<\/a><\/h4><\/div>\n<div class=\" pt-cv-content-item pt-cv-2-col\" ><h4 class=\"pt-cv-title\"><a href=\"https:\/\/lisandrogaertner.net\/blog\/oei24-a-bizarra-intencionalidade-casamenteira-das-inefaveis-categorias-dos-livros\/\" class=\"_blank\" target=\"_blank\" >[oei#24] A bizarra intencionalidade casamenteira das inef\u00e1veis categorias dos livros<\/a><\/h4><\/div>\n<div class=\" pt-cv-content-item pt-cv-2-col\" ><h4 class=\"pt-cv-title\"><a href=\"https:\/\/lisandrogaertner.net\/blog\/oei23-as-rotas-invisiveis-e-magicas-mas-reais-da-distribuicao-digital\/\" class=\"_blank\" target=\"_blank\" >[oei#23] As rotas inv\u00edsiveis e m\u00e1gicas, mas reais, da distribui\u00e7\u00e3o digital<\/a><\/h4><\/div>\n<div class=\" pt-cv-content-item pt-cv-2-col\" ><h4 class=\"pt-cv-title\"><a href=\"https:\/\/lisandrogaertner.net\/blog\/oei22-os-robos-que-leem-e-a-robotizacao-dos-leitores\/\" class=\"_blank\" target=\"_blank\" >[oei#22] Os rob\u00f4s que leem e a robotiza\u00e7\u00e3o dos leitores<\/a><\/h4><\/div>\n<div class=\" pt-cv-content-item pt-cv-2-col\" ><h4 class=\"pt-cv-title\"><a href=\"https:\/\/lisandrogaertner.net\/blog\/oei021-a-impermanencia-conceitual-e-comercial-dos-e-books\/\" class=\"_blank\" target=\"_blank\" >[oei#21] A imperman\u00eancia conceitual e comercial dos e-books<\/a><\/h4><\/div>\n<div class=\" pt-cv-content-item pt-cv-2-col\" ><h4 class=\"pt-cv-title\"><a href=\"https:\/\/lisandrogaertner.net\/blog\/oei020-a-homogeneizacao-das-publis-e-dos-clientes-das-livrarias-de-usados\/\" class=\"_blank\" target=\"_blank\" >[oei#20] A homogeneiza\u00e7\u00e3o das publis e dos clientes das livrarias de usados<\/a><\/h4><\/div>\n<div class=\" pt-cv-content-item pt-cv-2-col\" ><h4 class=\"pt-cv-title\"><a href=\"https:\/\/lisandrogaertner.net\/blog\/oei19-a-inevitabilidade-da-transformacao-viral-da-palavra\/\" class=\"_blank\" target=\"_blank\" >[oei#19] A inevitabilidade da transforma\u00e7\u00e3o viral da palavra<\/a><\/h4><\/div>\n<div class=\" pt-cv-content-item pt-cv-2-col\" ><h4 class=\"pt-cv-title\"><a href=\"https:\/\/lisandrogaertner.net\/blog\/oei18-a-traducao-polemica-dos-sagrados-super-herois\/\" class=\"_blank\" target=\"_blank\" >[oei#18] A tradu\u00e7\u00e3o pol\u00eamica dos sagrados super her\u00f3is<\/a><\/h4><\/div>\n<div class=\" pt-cv-content-item pt-cv-2-col\" ><h4 class=\"pt-cv-title\"><a href=\"https:\/\/lisandrogaertner.net\/blog\/oei17-o-papel-dos-relacionamentos-editoriais-no-espectro-da-autopublicacao\/\" class=\"_blank\" target=\"_blank\" >[oei#17] O papel dos relacionamentos editoriais no espectro da autopublica\u00e7\u00e3o<\/a><\/h4><\/div>\n<div class=\" pt-cv-content-item pt-cv-2-col\" ><h4 class=\"pt-cv-title\"><a href=\"https:\/\/lisandrogaertner.net\/blog\/oei16-as-sucessivas-preparacoes-do-texto-como-o-esculpir-do-livro\/\" class=\"_blank\" target=\"_blank\" >[oei#16] As sucessivas prepara\u00e7\u00f5es do texto como o esculpir do livro<\/a><\/h4><\/div>\n<div class=\" pt-cv-content-item pt-cv-2-col\" ><h4 class=\"pt-cv-title\"><a href=\"https:\/\/lisandrogaertner.net\/blog\/oei15-a-comoditizacao-do-livro-feito-para-nao-ser-lido-e-do-consumidor-nao-leitor\/\" class=\"_blank\" target=\"_blank\" >[oei#15] A comoditiza\u00e7\u00e3o do livro feito para n\u00e3o ser lido e do consumidor n\u00e3o leitor<\/a><\/h4><\/div>\n<div class=\" pt-cv-content-item pt-cv-2-col\" ><h4 class=\"pt-cv-title\"><a href=\"https:\/\/lisandrogaertner.net\/blog\/oei14-a-leitura-sem-retorno-do-preparador-de-textos\/\" class=\"_blank\" target=\"_blank\" >[oei#14] A leitura sem retorno do preparador de textos<\/a><\/h4><\/div>\n<div class=\" pt-cv-content-item pt-cv-2-col\" ><h4 class=\"pt-cv-title\"><a href=\"https:\/\/lisandrogaertner.net\/blog\/oei13-super-cortez-contra-o-baixo-astral-do-monopolio-amazonico\/\" class=\"_blank\" target=\"_blank\" >[oei#13] Super Cortez contra o baixo astral do monop\u00f3lio amaz\u00f4nico<\/a><\/h4><\/div>\n<div class=\" pt-cv-content-item pt-cv-2-col\" ><h4 class=\"pt-cv-title\"><a href=\"https:\/\/lisandrogaertner.net\/blog\/oei12-a-obviedade-de-se-colocar-uma-letra-apos-a-outra\/\" class=\"_blank\" target=\"_blank\" >[oei#12] A obviedade de se colocar uma letra ap\u00f3s a outra<\/a><\/h4><\/div>\n<div class=\" pt-cv-content-item pt-cv-2-col\" ><h4 class=\"pt-cv-title\"><a href=\"https:\/\/lisandrogaertner.net\/blog\/oei11-a-prejudicial-mitica-do-livro-a-experiencia-do-leitor\/\" class=\"_blank\" target=\"_blank\" >[oei#11] A prejudicial m\u00edtica do livro \u00e0 experi\u00eancia do leitor<\/a><\/h4><\/div>\n<div class=\" pt-cv-content-item pt-cv-2-col\" ><h4 class=\"pt-cv-title\"><a href=\"https:\/\/lisandrogaertner.net\/blog\/oei10\/\" class=\"_blank\" target=\"_blank\" >[oei#10] Um elogio \u00e0 rabugice dos livreiros ficcionais e reais<\/a><\/h4><\/div>\n<div class=\" pt-cv-content-item pt-cv-2-col\" ><h4 class=\"pt-cv-title\"><a href=\"https:\/\/lisandrogaertner.net\/blog\/oei09-os-desenobrecimentos-graficos-que-tornam-o-livro-meu\/\" class=\"_blank\" target=\"_blank\" >[oei#09] Os (des)enobrecimentos gr\u00e1ficos que tornam o livro (m)eu<\/a><\/h4><\/div>\n<div class=\" pt-cv-content-item pt-cv-2-col\" ><h4 class=\"pt-cv-title\"><a href=\"https:\/\/lisandrogaertner.net\/blog\/oei08-a-viralidade-grafica-dos-livros-e-sentimentos-reproduziveis\/\" class=\"_blank\" target=\"_blank\" >[oei#08] A viralidade gr\u00e1fica dos livros e sentimentos reproduz\u00edveis<\/a><\/h4><\/div>\n<div class=\" pt-cv-content-item pt-cv-2-col\" ><h4 class=\"pt-cv-title\"><a href=\"https:\/\/lisandrogaertner.net\/blog\/oei07-a-revolucao-permanente-de-impermanencia-da-leitura\/\" class=\"_blank\" target=\"_blank\" >[oei#07] A revolu\u00e7\u00e3o permanente de imperman\u00eancia da leitura<\/a><\/h4><\/div>\n<div class=\" pt-cv-content-item pt-cv-2-col\" ><h4 class=\"pt-cv-title\"><a href=\"https:\/\/lisandrogaertner.net\/blog\/oei06-na-casa-de-espelhos-das-capas-distorcidas\/\" class=\"_blank\" target=\"_blank\" >[oei#06] Na casa de espelhos das capas distorcidas<\/a><\/h4><\/div>\n<div class=\" pt-cv-content-item pt-cv-2-col\" ><h4 class=\"pt-cv-title\"><a href=\"https:\/\/lisandrogaertner.net\/blog\/oei05-a-efemeridade-da-perfeicao-do-formato-dos-livros\/\" class=\"_blank\" target=\"_blank\" >[oei#05] A efemeridade da perfei\u00e7\u00e3o do formato do(s) livro(s)<\/a><\/h4><\/div>\n<div class=\" pt-cv-content-item pt-cv-2-col\" ><h4 class=\"pt-cv-title\"><a href=\"https:\/\/lisandrogaertner.net\/blog\/oei04-a-esquizofrenia-narrativa-das-identidades-editoriais\/\" class=\"_blank\" target=\"_blank\" >[oei#04] A esquizofrenia narrativa das identidades editoriais<\/a><\/h4><\/div>\n<div class=\" pt-cv-content-item pt-cv-2-col\" ><h4 class=\"pt-cv-title\"><a href=\"https:\/\/lisandrogaertner.net\/blog\/oei03-o-caro-trabalho-emocional-de-editar\/\" class=\"_blank\" target=\"_blank\" >[oei#03] O caro trabalho emocional de editar<\/a><\/h4><\/div>\n<div class=\" pt-cv-content-item pt-cv-2-col\" ><h4 class=\"pt-cv-title\"><a href=\"https:\/\/lisandrogaertner.net\/blog\/eoi02-a-sedutora-ilusao-ritmica-do-design-grafico\/\" class=\"_blank\" target=\"_blank\" >[eoi#02] A sedutora ilus\u00e3o r\u00edtmica do design gr\u00e1fico<\/a><\/h4><\/div>\n<div class=\" pt-cv-content-item pt-cv-2-col\" ><h4 class=\"pt-cv-title\"><a href=\"https:\/\/lisandrogaertner.net\/blog\/oei01-o-que-e-o-que-e\/\" class=\"_blank\" target=\"_blank\" >[oei#01] A fugidia identidade \u00f3bvia do livro<\/a><\/h4><\/div>\n<div class=\" pt-cv-content-item pt-cv-2-col\" ><h4 class=\"pt-cv-title\"><a href=\"https:\/\/lisandrogaertner.net\/blog\/oei0-uma-carreira-fantasma\/\" class=\"_blank\" target=\"_blank\" >[oei#00] A presen\u00e7a insofism\u00e1vel da carreira fantasma<\/a><\/h4><\/div><\/div><\/div><\/div>\t\t\t<style type=\"text\/css\" id=\"pt-cv-inline-style-c24d65cz41\">\n#pt-cv-view-04fc13cnwu .pt-cv-thumb-wrapper:not(.miniwrap) { width: 40%; }#pt-cv-view-04fc13cnwu .pt-cv-thumbnail:not(.pt-cv-thumbnailsm) { height: 300px; }#pt-cv-view-04fc13cnwu > .pt-cv-page {grid-template-columns: repeat(1, 1fr);grid-gap: 15px;}\n@media all and (max-width: 1024px) { \n#pt-cv-view-04fc13cnwu > .pt-cv-page {grid-template-columns: repeat(1, 1fr);}\n} \n@media all and (max-width: 767px) { \n#pt-cv-view-04fc13cnwu > .pt-cv-page {grid-template-columns: repeat(1, 1fr);}\n} <\/style>\r\n\t\t\t\n","protected":false},"excerpt":{"rendered":"<p>\u201c(\u2026)[book editors] are the invisible people\u201d &#8211; George R.R. Martin Nessa p\u00e1gina voc\u00ea encontrar\u00e1 todas as publica\u00e7\u00f5es onde relato meu processo de aprendizagem na P\u00f3s Gradua\u00e7\u00e3o em Edi\u00e7\u00e3o e Gest\u00e3o Editorial da Nespe. Para acompanhar as publica\u00e7\u00f5es, use esse link de RSS , no seu reader preferido. Arquivo<\/p>\n","protected":false},"author":1,"featured_media":0,"parent":0,"menu_order":0,"comment_status":"closed","ping_status":"closed","template":"","meta":{"footnotes":""},"class_list":["post-8773","page","type-page","status-publish","hentry"],"_links":{"self":[{"href":"https:\/\/lisandrogaertner.net\/blog\/wp-json\/wp\/v2\/pages\/8773","targetHints":{"allow":["GET"]}}],"collection":[{"href":"https:\/\/lisandrogaertner.net\/blog\/wp-json\/wp\/v2\/pages"}],"about":[{"href":"https:\/\/lisandrogaertner.net\/blog\/wp-json\/wp\/v2\/types\/page"}],"author":[{"embeddable":true,"href":"https:\/\/lisandrogaertner.net\/blog\/wp-json\/wp\/v2\/users\/1"}],"replies":[{"embeddable":true,"href":"https:\/\/lisandrogaertner.net\/blog\/wp-json\/wp\/v2\/comments?post=8773"}],"version-history":[{"count":7,"href":"https:\/\/lisandrogaertner.net\/blog\/wp-json\/wp\/v2\/pages\/8773\/revisions"}],"predecessor-version":[{"id":8841,"href":"https:\/\/lisandrogaertner.net\/blog\/wp-json\/wp\/v2\/pages\/8773\/revisions\/8841"}],"wp:attachment":[{"href":"https:\/\/lisandrogaertner.net\/blog\/wp-json\/wp\/v2\/media?parent=8773"}],"curies":[{"name":"wp","href":"https:\/\/api.w.org\/{rel}","templated":true}]}}